{"id":973,"date":"2022-08-10T15:38:52","date_gmt":"2022-08-10T08:38:52","guid":{"rendered":"https:\/\/gtc.vn\/?page_id=973"},"modified":"2022-08-25T14:11:32","modified_gmt":"2022-08-25T07:11:32","slug":"danh-gia-tu-khach-hang","status":"publish","type":"page","link":"https:\/\/gtc.vn\/en\/danh-gia-tu-khach-hang\/","title":{"rendered":"\u0110\u00e1nh gi\u00e1 t\u1eeb kh\u00e1ch h\u00e0ng"},"content":{"rendered":"<div data-elementor-type=\"wp-page\" data-elementor-id=\"973\" class=\"elementor elementor-973\" data-elementor-post-type=\"page\">\n\t\t\t\t\t\t<section class=\"elementor-section elementor-top-section elementor-element elementor-element-1f5d5b5 elementor-section-full_width elementor-section-height-default elementor-section-height-default\" data-id=\"1f5d5b5\" data-element_type=\"section\" data-settings=\"{&quot;background_background&quot;:&quot;gradient&quot;}\">\n\t\t\t\t\t\t<div class=\"elementor-container elementor-column-gap-no\">\n\t\t\t\t\t<div class=\"elementor-column elementor-col-100 elementor-top-column elementor-element elementor-element-92b0c72\" data-id=\"92b0c72\" data-element_type=\"column\">\n\t\t\t<div class=\"elementor-widget-wrap elementor-element-populated\">\n\t\t\t\t\t\t<section class=\"elementor-section elementor-inner-section elementor-element elementor-element-f4e668f elementor-section-boxed elementor-section-height-default elementor-section-height-default\" data-id=\"f4e668f\" data-element_type=\"section\">\n\t\t\t\t\t\t<div class=\"elementor-container elementor-column-gap-extended\">\n\t\t\t\t\t<div class=\"elementor-column elementor-col-100 elementor-inner-column elementor-element elementor-element-815f87c\" data-id=\"815f87c\" data-element_type=\"column\">\n\t\t\t<div class=\"elementor-widget-wrap elementor-element-populated\">\n\t\t\t\t\t\t<div class=\"elementor-element elementor-element-c15c061 uael-heading-align-center elementor-widget elementor-widget-uael-advanced-heading\" data-id=\"c15c061\" data-element_type=\"widget\" data-widget_type=\"uael-advanced-heading.default\">\n\t\t\t\t<div class=\"elementor-widget-container\">\n\t\t\t\t\t\n\t\t<div class=\"uael-module-content uael-heading-wrapper\">\n\t\t\t\t\t\t\n\t\t\t<h1 class=\"uael-heading\">\n\t\t\t\t\t\t\t\t\t\t<span class=\"uael-heading-text elementor-inline-editing uael-size--default\" data-elementor-setting-key=\"heading_title\" data-elementor-inline-editing-toolbar=\"basic\">What customers say about us<\/span>\n\t\t\t\t\t\t\t<\/h1>\n\n\t\t\t\n\t\t\t\n\t\t\t\t\t\t\t<div class=\"uael-subheading elementor-inline-editing\" data-elementor-setting-key=\"heading_description\" data-elementor-inline-editing-toolbar=\"advanced\" >\n\t\t\t\t\tGTC d\u1eabn \u0111\u1ea7u gi\u1ea3i ph\u00e1p c\u00f4ng ngh\u1ec7 th\u00f4ng minh\t\t\t\t<\/div>\n\t\t\t\t\n\t\t\t\t\t\t<\/div>\n\t\t\t\t\t\t<\/div>\n\t\t\t\t<\/div>\n\t\t\t\t\t<\/div>\n\t\t<\/div>\n\t\t\t\t\t<\/div>\n\t\t<\/section>\n\t\t\t\t<div class=\"elementor-element elementor-element-432e052 elementor-widget__width-auto elementor-absolute elementor-widget elementor-widget-image\" data-id=\"432e052\" data-element_type=\"widget\" data-settings=\"{&quot;_position&quot;:&quot;absolute&quot;}\" data-widget_type=\"image.default\">\n\t\t\t\t<div class=\"elementor-widget-container\">\n\t\t\t\t\t\t\t\t\t\t\t\t\t\t\t<img fetchpriority=\"high\" decoding=\"async\" width=\"376\" height=\"485\" src=\"https:\/\/gtc.vn\/wp-content\/uploads\/2022\/08\/ellipse-01.png\" class=\"attachment-full size-full wp-image-322\" alt=\"\" srcset=\"https:\/\/gtc.vn\/wp-content\/uploads\/2022\/08\/ellipse-01.png 376w, https:\/\/gtc.vn\/wp-content\/uploads\/2022\/08\/ellipse-01-233x300.png 233w\" sizes=\"(max-width: 376px) 100vw, 376px\" \/>\t\t\t\t\t\t\t\t\t\t\t\t\t\t\t<\/div>\n\t\t\t\t<\/div>\n\t\t\t\t<div class=\"elementor-element elementor-element-95db590 elementor-widget__width-auto elementor-absolute elementor-widget elementor-widget-image\" data-id=\"95db590\" data-element_type=\"widget\" data-settings=\"{&quot;_position&quot;:&quot;absolute&quot;}\" data-widget_type=\"image.default\">\n\t\t\t\t<div class=\"elementor-widget-container\">\n\t\t\t\t\t\t\t\t\t\t\t\t\t\t\t<img decoding=\"async\" width=\"262\" height=\"570\" src=\"https:\/\/gtc.vn\/wp-content\/uploads\/2022\/08\/hive-01.png\" class=\"attachment-full size-full wp-image-323\" alt=\"\" srcset=\"https:\/\/gtc.vn\/wp-content\/uploads\/2022\/08\/hive-01.png 262w, https:\/\/gtc.vn\/wp-content\/uploads\/2022\/08\/hive-01-138x300.png 138w\" sizes=\"(max-width: 262px) 100vw, 262px\" \/>\t\t\t\t\t\t\t\t\t\t\t\t\t\t\t<\/div>\n\t\t\t\t<\/div>\n\t\t\t\t\t<\/div>\n\t\t<\/div>\n\t\t\t\t\t<\/div>\n\t\t<\/section>\n\t\t\t\t<section class=\"elementor-section elementor-top-section elementor-element elementor-element-1fb5924 elementor-section-boxed elementor-section-height-default elementor-section-height-default\" data-id=\"1fb5924\" data-element_type=\"section\" data-settings=\"{&quot;background_background&quot;:&quot;classic&quot;}\">\n\t\t\t\t\t\t<div class=\"elementor-container elementor-column-gap-no\">\n\t\t\t\t\t<div class=\"elementor-column elementor-col-100 elementor-top-column elementor-element elementor-element-8363e16\" data-id=\"8363e16\" data-element_type=\"column\">\n\t\t\t<div class=\"elementor-widget-wrap elementor-element-populated\">\n\t\t\t\t\t\t<div class=\"elementor-element elementor-element-c44adfc elementor-widget elementor-widget-html\" data-id=\"c44adfc\" data-element_type=\"widget\" data-widget_type=\"html.default\">\n\t\t\t\t<div class=\"elementor-widget-container\">\n\t\t\t\t\t<div class=\"ast-row ast-flex js-masonry\" data-masonry-options='{ \"itemSelector\": \".masonry\" }'>\r\n\t<div class=\"ast-col-lg-4 ast-col-md-6 ast-col-xs-12 masonry\">\r\n\t\t<div class=\"feedback\">\r\n\t\t\t<div class=\"feedback-header\">\r\n\t\t\t\t<div class=\"feedback-avatar\"><img decoding=\"async\" src=\"\/wp-content\/uploads\/2022\/08\/nguyen-nam.jpg\" alt=\"Avatar\" width=\"66\" height=\"66\"><\/div>\r\n\t\t\t\t<div class=\"feedback-info\">\r\n\t\t\t\t\t<div class=\"feedback-user\">Nguy\u1ec5n Nam<\/div>\r\n\t\t\t\t\t<div class=\"feedback-rating\"><i class=\"fas fa-star\"><\/i><i class=\"fas fa-star\"><\/i><i class=\"fas fa-star\"><\/i><i class=\"fas fa-star\"><\/i><i class=\"fas fa-star\"><\/i><\/div>\r\n\t\t\t\t<\/div>\r\n\t\t\t<\/div>\r\n\t\t\t<div class=\"feedback-body\">\r\n\t\t\t\t<p>\"T\u00f4i s\u1eed d\u1ee5ng d\u1ecbch v\u1ee5 c\u1ee7a GTC, h\u1ec7 th\u1ed1ng r\u1ea5t \u1ed5n \u0111\u1ecbnh, t\u00ednh b\u1ea3o m\u1eadt cao gi\u00fap c\u00f4ng vi\u1ec7c kinh doanh c\u1ee7a ch\u00fang t\u00f4i hi\u1ec7u qu\u1ea3 h\u01a1n. B\u1ea3o tr\u00ec \u0111\u00fang th\u1eddi h\u1ea1n. Ch\u00fang t\u00f4i s\u1ebd s\u1eed d\u1ee5ng d\u1ecbch v\u1ee5 c\u1ee7a GTC l\u00e2u d\u00e0i.\"<\/p>\r\n\t\t\t<\/div>\r\n\t\t<\/div>\r\n\t<\/div>\r\n\r\n\t<div class=\"ast-col-lg-4 ast-col-md-6 ast-col-xs-12 masonry mt-md-0 mt-4\">\r\n\t\t<div class=\"feedback\">\r\n\t\t\t<div class=\"feedback-header\">\r\n\t\t\t\t<div class=\"feedback-avatar\"><img loading=\"lazy\" decoding=\"async\" src=\"\/wp-content\/uploads\/2022\/08\/tran-nghia.jpg\" alt=\"Avatar\" width=\"66\" height=\"66\"><\/div>\r\n\t\t\t\t<div class=\"feedback-info\">\r\n\t\t\t\t\t<div class=\"feedback-user\">Tr\u1ea7n Ngh\u0129a<\/div>\r\n\t\t\t\t\t<div class=\"feedback-rating\"><i class=\"fas fa-star\"><\/i><i class=\"fas fa-star\"><\/i><i class=\"fas fa-star\"><\/i><i class=\"fas fa-star\"><\/i><i class=\"fas fa-star\"><\/i><\/div>\r\n\t\t\t\t<\/div>\r\n\t\t\t<\/div>\r\n\t\t\t<div class=\"feedback-body\">\r\n\t\t\t\t<p>\"Ch\u00fang t\u00f4i r\u1ea5t an t\u00e2m s\u1eed d\u1ee5ng d\u1ecbch v\u1ee5 t\u1ea1i GTC. C\u00e1c b\u1ea1n ph\u1ee5c v\u1ee5 r\u1ea5t t\u1eadn t\u00e2m, chu \u0111\u00e1o. C\u00f4ng vi\u1ec7c kinh doanh c\u1ee7a ch\u00fang t\u00f4i v\u01b0\u1ee3t tr\u1ed9i h\u1eb3n. Ch\u00fang t\u00f4i c\u00f2n \u0111\u01b0\u1ee3c h\u1ed7 chuy\u00ean s\u00e2u v\u1ec1 m\u00e1y t\u00ednh.\"<\/p>\r\n\t\t\t<\/div>\r\n\t\t<\/div>\r\n\t<\/div>\r\n\r\n\t<div class=\"ast-col-lg-4 ast-col-md-6 ast-col-xs-12 masonry mt-lg-0 mt-md-8 mt-4\">\r\n\t\t<div class=\"feedback\">\r\n\t\t\t<div class=\"feedback-header\">\r\n\t\t\t\t<div class=\"feedback-avatar\"><img loading=\"lazy\" decoding=\"async\" src=\"\/wp-content\/uploads\/2022\/08\/anh-tuan.jpg\" alt=\"Avatar\" width=\"66\" height=\"66\"><\/div>\r\n\t\t\t\t<div class=\"feedback-info\">\r\n\t\t\t\t\t<div class=\"feedback-user\">Anh Tu\u1ea5n<\/div>\r\n\t\t\t\t\t<div class=\"feedback-rating\"><i class=\"fas fa-star\"><\/i><i class=\"fas fa-star\"><\/i><i class=\"fas fa-star\"><\/i><i class=\"fas fa-star\"><\/i><i class=\"fas fa-star\"><\/i><\/div>\r\n\t\t\t\t<\/div>\r\n\t\t\t<\/div>\r\n\t\t\t<div class=\"feedback-body\">\r\n\t\t\t\t<p>\"R\u1ea5t h\u00e0i l\u00f2ng v\u1edbi s\u1ef1 t\u1eadn t\u00e2m v\u00e0 nhi\u1ec7t t\u00ecnh c\u1ee7a \u0111\u1ed9i ng\u0169 h\u1ed7 tr\u1ee3 k\u1ef9 thu\u1eadt c\u1ee7a GTC. N\u1ebfu c\u00f3 d\u1ef1 \u00e1n m\u1edbi s\u1ebd nh\u1ea5t \u0111\u1ecbnh b\u1eaft tay h\u1ee3p t\u00e1c v\u1edbi GTC.\"<\/p>\r\n\t\t\t<\/div>\r\n\t\t<\/div>\r\n\t<\/div>\r\n\r\n\t<div class=\"ast-col-lg-4 ast-col-md-6 ast-col-xs-12 masonry mt-md-8 mt-4\">\r\n\t\t<div class=\"feedback\">\r\n\t\t\t<div class=\"feedback-header\">\r\n\t\t\t\t<div class=\"feedback-avatar\"><img loading=\"lazy\" decoding=\"async\" src=\"\/wp-content\/uploads\/2022\/08\/gia-bao.jpg\" alt=\"Avatar\" width=\"66\" height=\"66\"><\/div>\r\n\t\t\t\t<div class=\"feedback-info\">\r\n\t\t\t\t\t<div class=\"feedback-user\">Gia b\u1ea3o<\/div>\r\n\t\t\t\t\t<div class=\"feedback-rating\"><i class=\"fas fa-star\"><\/i><i class=\"fas fa-star\"><\/i><i class=\"fas fa-star\"><\/i><i class=\"fas fa-star\"><\/i><i class=\"fas fa-star\"><\/i><\/div>\r\n\t\t\t\t<\/div>\r\n\t\t\t<\/div>\r\n\t\t\t<div class=\"feedback-body\">\r\n\t\t\t\t<p>\"C\u00e1c s\u1ea3n ph\u1ea9m do GTC cung c\u1ea5p kh\u00e1 t\u1ed1t v\u00e0 \u1ed5n \u0111\u1ecbnh, \u00edt ph\u00e1t sinh c\u00e1c v\u1ea5n \u0111\u1ec1 k\u1ef9 thu\u1eadt, GTC h\u1ed7 tr\u1ee3 k\u1ef9 thu\u1eadt nhanh ch\u00f3ng, n\u00ean c\u00f4ng vi\u1ec7c c\u1ee7a ch\u00fang t\u00f4i kh\u00f4ng b\u1ecb \u1ea3nh h\u01b0\u1edfng.\"<\/p>\r\n\t\t\t<\/div>\r\n\t\t<\/div>\r\n\t<\/div>\r\n\t\r\n\t<div class=\"ast-col-lg-4 ast-col-md-6 ast-col-xs-12 masonry mt-md-8 mt-4\">\r\n\t\t<div class=\"feedback\">\r\n\t\t\t<div class=\"feedback-header\">\r\n\t\t\t\t<div class=\"feedback-avatar\"><img loading=\"lazy\" decoding=\"async\" src=\"\/wp-content\/uploads\/2022\/08\/tuan-kieu.jpg\" alt=\"Avatar\" width=\"66\" height=\"66\"><\/div>\r\n\t\t\t\t<div class=\"feedback-info\">\r\n\t\t\t\t\t<div class=\"feedback-user\">Tu\u1ea5n Ki\u1ec1u<\/div>\r\n\t\t\t\t\t<div class=\"feedback-rating\"><i class=\"fas fa-star\"><\/i><i class=\"fas fa-star\"><\/i><i class=\"fas fa-star\"><\/i><i class=\"fas fa-star\"><\/i><i class=\"fas fa-star\"><\/i><\/div>\r\n\t\t\t\t<\/div>\r\n\t\t\t<\/div>\r\n\t\t\t<div class=\"feedback-body\">\r\n\t\t\t\t<p>\"Trong su\u1ed1t qu\u00e1 tr\u00ecnh s\u1eed d\u1ee5ng, m\u00ecnh r\u1ea5t y\u00ean t\u00e2m v\u1ec1 d\u1ecbch v\u1ee5 t\u1ea1i GTC. Nh\u00e2n vi\u00ean l\u00fac n\u00e0o c\u0169ng h\u1ed7 tr\u1ee3 r\u1ea5t nhanh v\u00e0 chuy\u00ean nghi\u1ec7p.\"<\/p>\r\n\t\t\t<\/div>\r\n\t\t<\/div>\r\n\t<\/div>\r\n\r\n    <div class=\"ast-col-lg-4 ast-col-md-6 ast-col-xs-12 masonry mt-md-8 mt-4\">\r\n\t\t<div class=\"feedback\">\r\n\t\t\t<div class=\"feedback-header\">\r\n\t\t\t\t<div class=\"feedback-avatar\"><img loading=\"lazy\" decoding=\"async\" src=\"\/wp-content\/uploads\/2022\/08\/dang-pham.jpg\" alt=\"Avatar\" width=\"66\" height=\"66\"><\/div>\r\n\t\t\t\t<div class=\"feedback-info\">\r\n\t\t\t\t\t<div class=\"feedback-user\">\u0110\u0103ng Ph\u1ea1m<\/div>\r\n\t\t\t\t\t<div class=\"feedback-rating\"><i class=\"fas fa-star\"><\/i><i class=\"fas fa-star\"><\/i><i class=\"fas fa-star\"><\/i><i class=\"fas fa-star\"><\/i><i class=\"fas fa-star\"><\/i><\/div>\r\n\t\t\t\t<\/div>\r\n\t\t\t<\/div>\r\n\t\t\t<div class=\"feedback-body\">\r\n\t\t\t\t<p>\"GTC l\u00e0 1 trong nh\u1eefng nh\u00e0 cung c\u1ea5p d\u1ecbch v\u1ee5 t\u1ed1t nh\u1ea5t m\u00e0 t\u00f4i \u0111\u00e3 t\u1eebng s\u1eed d\u1ee5ng!\"<\/p>\r\n\t\t\t<\/div>\r\n\t\t<\/div>\r\n\t<\/div>\r\n\r\n\t<div class=\"ast-col-lg-4 ast-col-md-6 ast-col-xs-12 masonry mt-md-8 mt-4\">\r\n\t\t<div class=\"feedback\">\r\n\t\t\t<div class=\"feedback-header\">\r\n\t\t\t\t<div class=\"feedback-avatar\"><img loading=\"lazy\" decoding=\"async\" src=\"\/wp-content\/uploads\/2022\/08\/cuc-ngo.jpg\" alt=\"Avatar\" width=\"66\" height=\"66\"><\/div>\r\n\t\t\t\t<div class=\"feedback-info\">\r\n\t\t\t\t\t<div class=\"feedback-user\">C\u00fac Ng\u00f4<\/div>\r\n\t\t\t\t\t<div class=\"feedback-rating\"><i class=\"fas fa-star\"><\/i><i class=\"fas fa-star\"><\/i><i class=\"fas fa-star\"><\/i><i class=\"fas fa-star\"><\/i><i class=\"fas fa-star\"><\/i><\/div>\r\n\t\t\t\t<\/div>\r\n\t\t\t<\/div>\r\n\t\t\t<div class=\"feedback-body\">\r\n\t\t\t\t<p>\"T\u00f4i \u0111\u00e3 s\u1eed d\u1ee5ng r\u1ea5t nhi\u1ec1u nh\u00e0 cung c\u1ea5p, t\u00f4i h\u00e0i l\u00f2ng v\u1ec1 GTC (v\u1ec1 t\u00ednh cam k\u1ebft, t\u00ednh chuy\u00ean nghi\u1ec7p, khi x\u1eed l\u00fd kh\u1ee7ng ho\u1ea3ng trong qu\u00e1 tr\u00ecnh s\u1eed d\u1ee5ng d\u1ecbch v\u1ee5, s\u1ef1 t\u1eed t\u1ebf trong kinh doanh, ...)\"<\/p>\r\n\t\t\t<\/div>\r\n\t\t<\/div>\r\n\t<\/div>\r\n\r\n    <div class=\"ast-col-lg-4 ast-col-md-6 ast-col-xs-12 masonry mt-md-8 mt-4\">\r\n\t\t<div class=\"feedback\">\r\n\t\t\t<div class=\"feedback-header\">\r\n\t\t\t\t<div class=\"feedback-avatar\"><img loading=\"lazy\" decoding=\"async\" src=\"\/wp-content\/uploads\/2022\/08\/thuy-vy.jpg\" alt=\"Avatar\" width=\"66\" height=\"66\"><\/div>\r\n\t\t\t\t<div class=\"feedback-info\">\r\n\t\t\t\t\t<div class=\"feedback-user\">Thuy Vy<\/div>\r\n\t\t\t\t\t<div class=\"feedback-rating\"><i class=\"fas fa-star\"><\/i><i class=\"fas fa-star\"><\/i><i class=\"fas fa-star\"><\/i><i class=\"fas fa-star\"><\/i><i class=\"fas fa-star\"><\/i><\/div>\r\n\t\t\t\t<\/div>\r\n\t\t\t<\/div>\r\n\t\t\t<div class=\"feedback-body\">\r\n\t\t\t\t<p>\"T\u00f4i \u0111\u00e3 c\u00f3 m\u1ed9t v\u00e0i tr\u1ef1c tr\u1eb7c nh\u1ecf trong qu\u00e1 tr\u00ecnh s\u1eed d\u1ee5ng, GTC \u0111\u00e3 h\u1ed7 tr\u1ee3 t\u00f4i kh\u1eafc ph\u1ee5c r\u1ea5t nhanh ch\u00f3ng. T\u00f4i r\u1ea5t h\u00e0i l\u00f2ng v\u1ec1 ch\u1ea5t l\u01b0\u1ee3ng d\u1ecbch v\u1ee5 v\u00e0 ch\u0103m s\u00f3c kh\u00e1ch h\u00e0ng c\u1ee7a GTC.\"<\/p>\r\n\t\t\t<\/div>\r\n\t\t<\/div>\r\n\t<\/div>\r\n\r\n    <div class=\"ast-col-lg-4 ast-col-md-6 ast-col-xs-12 masonry mt-md-8 mt-4\">\r\n\t\t<div class=\"feedback\">\r\n\t\t\t<div class=\"feedback-header\">\r\n\t\t\t\t<div class=\"feedback-avatar\"><img loading=\"lazy\" decoding=\"async\" src=\"\/wp-content\/uploads\/2022\/08\/trang-le.jpg\" alt=\"Avatar\" width=\"66\" height=\"66\"><\/div>\r\n\t\t\t\t<div class=\"feedback-info\">\r\n\t\t\t\t\t<div class=\"feedback-user\">Trang L\u00ea<\/div>\r\n\t\t\t\t\t<div class=\"feedback-rating\"><i class=\"fas fa-star\"><\/i><i class=\"fas fa-star\"><\/i><i class=\"fas fa-star\"><\/i><i class=\"fas fa-star\"><\/i><i class=\"fas fa-star\"><\/i><\/div>\r\n\t\t\t\t<\/div>\r\n\t\t\t<\/div>\r\n\t\t\t<div class=\"feedback-body\">\r\n\t\t\t\t<p>\"Tr\u01b0\u1edbc khi bi\u1ebft \u0111\u1ebfn GTC t\u00f4i d\u00f9ng d\u1ecbch v\u1ee5 server gi\u00e1 r\u1ebb, nh\u1eadn th\u1ea5y ch\u1ea5t l\u01b0\u1ee3ng kh\u00e1 t\u1ed1t, v\u00e0 support c\u00e1c v\u1ea5n \u0111\u1ec1 li\u00ean quan \u0111\u1ec1u nhanh ch\u00f3ng, nhi\u1ec7t t\u00ecnh.V\u00e0 b\u00e2y gi\u1edd t\u00f4i d\u00f9ng d\u1ecbch v\u1ee5 server c\u1ee7a GTC, v\u00e0 nh\u1eadn th\u1ea5y m\u1ecdi th\u1ee9 nh\u01b0 \u0111\u01b0\u1ee3c nh\u00e2n \u0111\u00f4i, c\u00f4ng t\u00e1c h\u1ed7 tr\u1ee3 c\u1ee7a b\u1ed9 ph\u1eadn k\u1ef9 thu\u1eadt r\u1ea5t nhanh ch\u00f3ng v\u00e0 chuy\u00ean nghi\u1ec7p, b\u1ed9 ph\u1eadn kinh doanh t\u01b0 v\u1ea5n nhi\u1ec7t t\u00ecnh v\u00e0 th\u00e2n thi\u1ec7n.<br>\r\n                C\u00e1c b\u1ea1n h\u00e3y gi\u1eef m\u00e3i c\u00e1ch l\u00e0m vi\u1ec7c th\u1ebf n\u00e0y nh\u00e9, m\u00ecnh tin ch\u1eafc r\u1eb1ng d\u1ecbch v\u1ee5 th\u1ebf n\u00e0y, kh\u00e1ch h\u00e0ng s\u1ebd r\u1ea5t h\u00e0i l\u00f2ng\"<\/p>\r\n\t\t\t<\/div>\r\n\t\t<\/div>\r\n\t<\/div>\r\n<\/div>\t\t\t\t<\/div>\n\t\t\t\t<\/div>\n\t\t\t\t\t<\/div>\n\t\t<\/div>\n\t\t\t\t\t<\/div>\n\t\t<\/section>\n\t\t\t\t<\/div>","protected":false},"excerpt":{"rendered":"<p>Kh\u00e1ch h\u00e0ng n\u00f3i g\u00ec v\u1ec1 ch\u00fang t\u00f4i GTC d\u1eabn \u0111\u1ea7u gi\u1ea3i ph\u00e1p c\u00f4ng ngh\u1ec7 th\u00f4ng minh Nguy\u1ec5n Nam &#8220;T\u00f4i s\u1eed d\u1ee5ng d\u1ecbch v\u1ee5 c\u1ee7a GTC, h\u1ec7 th\u1ed1ng r\u1ea5t \u1ed5n \u0111\u1ecbnh, t\u00ednh b\u1ea3o m\u1eadt cao gi\u00fap c\u00f4ng vi\u1ec7c kinh doanh c\u1ee7a ch\u00fang t\u00f4i hi\u1ec7u qu\u1ea3 h\u01a1n. B\u1ea3o tr\u00ec \u0111\u00fang th\u1eddi h\u1ea1n. Ch\u00fang t\u00f4i s\u1ebd s\u1eed d\u1ee5ng [&hellip;]<\/p>\n","protected":false},"author":2,"featured_media":0,"parent":0,"menu_order":0,"comment_status":"closed","ping_status":"closed","template":"","meta":{"site-sidebar-layout":"no-sidebar","site-content-layout":"page-builder","ast-site-content-layout":"","site-content-style":"default","site-sidebar-style":"default","ast-global-header-display":"","ast-banner-title-visibility":"","ast-main-header-display":"","ast-hfb-above-header-display":"","ast-hfb-below-header-display":"","ast-hfb-mobile-header-display":"","site-post-title":"disabled","ast-breadcrumbs-content":"","ast-featured-img":"disabled","footer-sml-layout":"","theme-transparent-header-meta":"","adv-header-id-meta":"","stick-header-meta":"","header-above-stick-meta":"","header-main-stick-meta":"","header-below-stick-meta":"","astra-migrate-meta-layouts":"default","ast-page-background-enabled":"default","ast-page-background-meta":{"desktop":{"background-color":"var(--ast-global-color-4)","background-image":"","background-repeat":"repeat","background-position":"center center","background-size":"auto","background-attachment":"scroll","background-type":"","background-media":"","overlay-type":"","overlay-color":"","overlay-opacity":"","overlay-gradient":""},"tablet":{"background-color":"","background-image":"","background-repeat":"repeat","background-position":"center center","background-size":"auto","background-attachment":"scroll","background-type":"","background-media":"","overlay-type":"","overlay-color":"","overlay-opacity":"","overlay-gradient":""},"mobile":{"background-color":"","background-image":"","background-repeat":"repeat","background-position":"center center","background-size":"auto","background-attachment":"scroll","background-type":"","background-media":"","overlay-type":"","overlay-color":"","overlay-opacity":"","overlay-gradient":""}},"ast-content-background-meta":{"desktop":{"background-color":"var(--ast-global-color-5)","background-image":"","background-repeat":"repeat","background-position":"center center","background-size":"auto","background-attachment":"scroll","background-type":"","background-media":"","overlay-type":"","overlay-color":"","overlay-opacity":"","overlay-gradient":""},"tablet":{"background-color":"var(--ast-global-color-5)","background-image":"","background-repeat":"repeat","background-position":"center center","background-size":"auto","background-attachment":"scroll","background-type":"","background-media":"","overlay-type":"","overlay-color":"","overlay-opacity":"","overlay-gradient":""},"mobile":{"background-color":"var(--ast-global-color-5)","background-image":"","background-repeat":"repeat","background-position":"center center","background-size":"auto","background-attachment":"scroll","background-type":"","background-media":"","overlay-type":"","overlay-color":"","overlay-opacity":"","overlay-gradient":""}},"footnotes":""},"class_list":["post-973","page","type-page","status-publish","hentry"],"_links":{"self":[{"href":"https:\/\/gtc.vn\/en\/wp-json\/wp\/v2\/pages\/973","targetHints":{"allow":["GET"]}}],"collection":[{"href":"https:\/\/gtc.vn\/en\/wp-json\/wp\/v2\/pages"}],"about":[{"href":"https:\/\/gtc.vn\/en\/wp-json\/wp\/v2\/types\/page"}],"author":[{"embeddable":true,"href":"https:\/\/gtc.vn\/en\/wp-json\/wp\/v2\/users\/2"}],"replies":[{"embeddable":true,"href":"https:\/\/gtc.vn\/en\/wp-json\/wp\/v2\/comments?post=973"}],"version-history":[{"count":0,"href":"https:\/\/gtc.vn\/en\/wp-json\/wp\/v2\/pages\/973\/revisions"}],"wp:attachment":[{"href":"https:\/\/gtc.vn\/en\/wp-json\/wp\/v2\/media?parent=973"}],"curies":[{"name":"wp","href":"https:\/\/api.w.org\/{rel}","templated":true}]}}